{"id":31,"date":"2024-04-06T17:11:50","date_gmt":"2024-04-06T15:11:50","guid":{"rendered":"https:\/\/www.capillaroscopie.com\/?page_id=31"},"modified":"2024-10-22T21:23:42","modified_gmt":"2024-10-22T19:23:42","slug":"accueil-2","status":"publish","type":"page","link":"https:\/\/www.capillaroscopie.com\/","title":{"rendered":"Accueil"},"content":{"rendered":"<p>[et_pb_section fb_built=\u00a0\u00bb1&Prime; admin_label=\u00a0\u00bbHeader\u00a0\u00bb _builder_version=\u00a0\u00bb4.19.3&Prime; _module_preset=\u00a0\u00bbdefault\u00a0\u00bb custom_padding=\u00a0\u00bb||0px||false|false\u00a0\u00bb collapsed=\u00a0\u00bbon\u00a0\u00bb global_colors_info=\u00a0\u00bb{}\u00a0\u00bb][et_pb_row column_structure=\u00a0\u00bb3_5,2_5&Prime; _builder_version=\u00a0\u00bb4.20.0&Prime; _module_preset=\u00a0\u00bbdefault\u00a0\u00bb custom_padding=\u00a0\u00bb||0px|||\u00a0\u00bb global_colors_info=\u00a0\u00bb{}\u00a0\u00bb][et_pb_column type=\u00a0\u00bb3_5&Prime; _builder_version=\u00a0\u00bb4.19.3&Prime; _module_preset=\u00a0\u00bbdefault\u00a0\u00bb custom_padding=\u00a0\u00bb||60px||false|false\u00a0\u00bb custom_padding_tablet=\u00a0\u00bb||30px||false|false\u00a0\u00bb custom_padding_phone=\u00a0\u00bb||30px||false|false\u00a0\u00bb custom_padding_last_edited=\u00a0\u00bbon|tablet\u00a0\u00bb global_colors_info=\u00a0\u00bb{}\u00a0\u00bb][et_pb_text _builder_version=\u00a0\u00bb4.24.3&Prime; _module_preset=\u00a0\u00bb292666b7-b736-4566-9e00-da4f0a88b08b\u00a0\u00bb global_colors_info=\u00a0\u00bb{}\u00a0\u00bb]<\/p>\n<h1>Capillaroscopie<\/h1>\n<p>[\/et_pb_text][et_pb_text _builder_version=\u00a0\u00bb4.24.3&Prime; _module_preset=\u00a0\u00bb9ca91aca-3184-41a7-94c9-b6761e36f84e\u00a0\u00bb custom_margin=\u00a0\u00bb||10px||false|false\u00a0\u00bb global_colors_info=\u00a0\u00bb{}\u00a0\u00bb]<\/p>\n<h5>N&rsquo;h\u00e9sitez pas \u00e0 nous faire part de vos projets en capillaroscopie<\/h5>\n<p>[\/et_pb_text][et_pb_button button_url=\u00a0\u00bbhttps:\/\/www.capillaroscopie.com\/index.php\/contact\/\u00a0\u00bb button_text=\u00a0\u00bbNous Contacter\u00a0\u00bb _builder_version=\u00a0\u00bb4.24.3&Prime; _module_preset=\u00a0\u00bbe125648e-7c16-4c4c-a3a9-4b9ca5765bd8&Prime; global_colors_info=\u00a0\u00bb{}\u00a0\u00bb][\/et_pb_button][\/et_pb_column][et_pb_column type=\u00a0\u00bb2_5&Prime; _builder_version=\u00a0\u00bb4.19.3&Prime; _module_preset=\u00a0\u00bbdefault\u00a0\u00bb global_colors_info=\u00a0\u00bb{}\u00a0\u00bb][et_pb_image src=\u00a0\u00bbhttps:\/\/www.capillaroscopie.com\/wp-content\/uploads\/2024\/04\/capxview.jpg\u00a0\u00bb alt=\u00a0\u00bbCapillaroscopie\u00a0\u00bb title_text=\u00a0\u00bbCapillaroscopie\u00a0\u00bb _builder_version=\u00a0\u00bb4.24.3&Prime; _module_preset=\u00a0\u00bbdefault\u00a0\u00bb custom_margin=\u00a0\u00bb|-10vw|||false|false\u00a0\u00bb global_colors_info=\u00a0\u00bb{}\u00a0\u00bb][\/et_pb_image][\/et_pb_column][\/et_pb_row][\/et_pb_section][et_pb_section fb_built=\u00a0\u00bb1&Prime; make_equal=\u00a0\u00bbon\u00a0\u00bb use_custom_gutter=\u00a0\u00bbon\u00a0\u00bb gutter_width=\u00a0\u00bb1&Prime; specialty=\u00a0\u00bbon\u00a0\u00bb background_color_1=\u00a0\u00bb#FFFFFF\u00a0\u00bb background_size_2=\u00a0\u00bbcover\u00a0\u00bb background_position_2=\u00a0\u00bbbottom_right\u00a0\u00bb padding_top_2=\u00a0\u00bb6%\u00a0\u00bb padding_right_2=\u00a0\u00bb6%\u00a0\u00bb padding_bottom_2=\u00a0\u00bb0px\u00a0\u00bb padding_left_2=\u00a0\u00bb6%\u00a0\u00bb padding_top_bottom_link_2=\u00a0\u00bbfalse\u00a0\u00bb padding_left_right_link_2=\u00a0\u00bbtrue\u00a0\u00bb padding_2_tablet=\u00a0\u00bb6%|6%||6%|false|true\u00a0\u00bb padding_2_phone=\u00a0\u00bb6%|6%||6%|false|true\u00a0\u00bb padding_2_last_edited=\u00a0\u00bbon|phone\u00a0\u00bb admin_label=\u00a0\u00bbFeatures\u00a0\u00bb _builder_version=\u00a0\u00bb4.20.0&Prime; _module_preset=\u00a0\u00bbdefault\u00a0\u00bb background_color=\u00a0\u00bbgcid-1b9885b1-d5db-4c39-ab49-d8f90e824600&Prime; use_background_color_gradient=\u00a0\u00bbon\u00a0\u00bb background_color_gradient_direction=\u00a0\u00bb90deg\u00a0\u00bb background_color_gradient_stops=\u00a0\u00bb#ffffff 30%|rgba(255,255,255,0) 30%\u00a0\u00bb inner_max_width=\u00a0\u00bb1140px\u00a0\u00bb overflow-x=\u00a0\u00bbhidden\u00a0\u00bb overflow-y=\u00a0\u00bbhidden\u00a0\u00bb custom_padding=\u00a0\u00bb0px||0px||true|false\u00a0\u00bb border_color_all=\u00a0\u00bb#0E2D41&Prime; border_width_top=\u00a0\u00bb2px\u00a0\u00bb border_width_bottom=\u00a0\u00bb2px\u00a0\u00bb collapsed=\u00a0\u00bbon\u00a0\u00bb global_colors_info=\u00a0\u00bb{%22gcid-1b9885b1-d5db-4c39-ab49-d8f90e824600%22:%91%22background_color%22%93}\u00a0\u00bb][et_pb_column type=\u00a0\u00bb1_2&Prime; specialty_columns=\u00a0\u00bb2&Prime; _builder_version=\u00a0\u00bb4.16&Prime; _module_preset=\u00a0\u00bbdefault\u00a0\u00bb custom_padding=\u00a0\u00bb|||\u00a0\u00bb global_colors_info=\u00a0\u00bb{}\u00a0\u00bb custom_padding__hover=\u00a0\u00bb|||\u00a0\u00bb][et_pb_row_inner _builder_version=\u00a0\u00bb4.19.5&Prime; _module_preset=\u00a0\u00bbdefault\u00a0\u00bb custom_padding=\u00a0\u00bb6%|6%|6%|6%|true|true\u00a0\u00bb border_color_all=\u00a0\u00bb#0E2D41&Prime; global_colors_info=\u00a0\u00bb{%22gcid-437a4baa-0c70-4799-b311-429b3917af25%22:%91%22background_color%22%93}\u00a0\u00bb][et_pb_column_inner saved_specialty_column_type=\u00a0\u00bb1_2&Prime; _builder_version=\u00a0\u00bb4.19.3&Prime; _module_preset=\u00a0\u00bbdefault\u00a0\u00bb global_colors_info=\u00a0\u00bb{}\u00a0\u00bb][et_pb_text _builder_version=\u00a0\u00bb4.24.3&Prime; _module_preset=\u00a0\u00bb9f05e018-8045-4647-97d3-1c3cbb1e48d6&Prime; custom_margin=\u00a0\u00bb||10px||false|false\u00a0\u00bb locked=\u00a0\u00bboff\u00a0\u00bb global_colors_info=\u00a0\u00bb{}\u00a0\u00bb]<\/p>\n<h4>Cap-Xview HD<\/h4>\n<p>[\/et_pb_text][et_pb_text _builder_version=\u00a0\u00bb4.24.3&Prime; _module_preset=\u00a0\u00bb36c673c8-a74b-493c-a6cb-11487fb955d3&Prime; link_text_color=\u00a0\u00bbgcid-1b9885b1-d5db-4c39-ab49-d8f90e824600&Prime; custom_margin=\u00a0\u00bb||10px||false|false\u00a0\u00bb locked=\u00a0\u00bboff\u00a0\u00bb global_colors_info=\u00a0\u00bb{%22gcid-1b9885b1-d5db-4c39-ab49-d8f90e824600%22:%91%22text_text_color%22,%22link_text_color%22%93}\u00a0\u00bb]<\/p>\n<p>Utilis\u00e9e g\u00e9n\u00e9ralement par un m\u00e9decin sp\u00e9cialiste vasculaire la capillaroscopie est une technique d&rsquo;investigation des vaisseaux capillaires sous-cutan\u00e9s situ\u00e9s principalement sur la zone periungu\u00e9ale des doigts de la main ou du pied..<\/p>\n<p>Sur certaines anomalies fonctionnelles ou morphologiques, visibles sur les anses capillaires, elle permet de diagnostiquer des troubles de la microcirculation, par exemple un ph\u00e9nom\u00e8ne de Raynaud une vascularite ou une scl\u00e9rodermie.<\/p>\n<p>Le capillaroscope est un outil indispensable dans un service de m\u00e9decine vasculaire ou un laboratoire d&rsquo;investigation de la microcirculation.<br \/>Le capillaroscope est le compl\u00e9ment naturel des moniteurs de<span>\u00a0<\/span><a href=\"http:\/\/www.perimed.fr\/\" target=\"_blank\" rel=\"noopener\">microcirculation<\/a><span>\u00a0<\/span>comme le<span>\u00a0<\/span><a href=\"http:\/\/www.perimed.fr\/productline.php\" target=\"_blank\" rel=\"noopener\">Laser Doppler<\/a><span>\u00a0<\/span>par exemple.<\/p>\n<p>Le Cap-Xview HD par sa qualit\u00e9 et sa facilit\u00e9 d&rsquo;utilisation saura r\u00e9pondre aux besoins d&rsquo;images de capillaroscopie de qualit\u00e9\u00a0<\/p>\n<p>[\/et_pb_text][et_pb_image src=\u00a0\u00bbhttps:\/\/www.capillaroscopie.com\/wp-content\/uploads\/2024\/04\/perimed-logo.jpg\u00a0\u00bb alt=\u00a0\u00bbPerimed\u00a0\u00bb title_text=\u00a0\u00bbPerimed\u00a0\u00bb url=\u00a0\u00bbhttps:\/\/www.perimed-instruments.com\/\u00a0\u00bb align=\u00a0\u00bbcenter\u00a0\u00bb _builder_version=\u00a0\u00bb4.27.2&Prime; _module_preset=\u00a0\u00bbdefault\u00a0\u00bb hover_enabled=\u00a0\u00bb0&Prime; global_colors_info=\u00a0\u00bb{}\u00a0\u00bb url_new_window=\u00a0\u00bbon\u00a0\u00bb sticky_enabled=\u00a0\u00bb0&Prime;][\/et_pb_image][\/et_pb_column_inner][\/et_pb_row_inner][\/et_pb_column][et_pb_column type=\u00a0\u00bb1_2&Prime; _builder_version=\u00a0\u00bb4.16&Prime; _module_preset=\u00a0\u00bbdefault\u00a0\u00bb custom_padding=\u00a0\u00bb|||\u00a0\u00bb global_colors_info=\u00a0\u00bb{}\u00a0\u00bb custom_padding__hover=\u00a0\u00bb|||\u00a0\u00bb][et_pb_text _builder_version=\u00a0\u00bb4.24.3&Prime; _module_preset=\u00a0\u00bb856aa3df-679f-4072-a739-5d6aab086917&Prime; header_2_text_color=\u00a0\u00bb#FFFFFF\u00a0\u00bb custom_margin=\u00a0\u00bb||30px||false|false\u00a0\u00bb global_colors_info=\u00a0\u00bb{}\u00a0\u00bb]<\/p>\n<h2>Xport Technologies<\/h2>\n<p>[\/et_pb_text][et_pb_text _builder_version=\u00a0\u00bb4.24.3&Prime; _module_preset=\u00a0\u00bbdec4bb3e-67dc-4b1e-8825-981118d8ebc7&Prime; text_text_color=\u00a0\u00bb#FFFFFF\u00a0\u00bb custom_margin=\u00a0\u00bb||30px||false|false\u00a0\u00bb global_colors_info=\u00a0\u00bb{}\u00a0\u00bb]<\/p>\n<p>Xport Technologies est une soci\u00e9t\u00e9 proche partenaire de<span>\u00a0<\/span><strong><a href=\"http:\/\/www.perimed.fr\/\" target=\"_blank\" rel=\"noopener\">Perimed France<\/a><\/strong><span>\u00a0<\/span>et<span>\u00a0<\/span><strong><a href=\"http:\/\/www.perimed-instruments.com\/\" target=\"_blank\" rel=\"noopener\">Perimed AB<\/a><\/strong><span>\u00a0<\/span>,<br \/>leader mondial des technologies Laser Doppler pour l&rsquo;investigation et l&rsquo;imagerie microvasculaire.<\/p>\n<p>Vous trouverez aupr\u00e8s d&rsquo;Xport Technologies des produits compl\u00e9mentaires aux moniteurs de microcirculation Perimed, comme le CapXview HD.<\/p>\n<p>Vous serez\u00a0 assur\u00e9 de la m\u00eame qualit\u00e9 d&rsquo;\u00e9coute, de conseil et de service.<\/p>\n<p>[\/et_pb_text][et_pb_image src=\u00a0\u00bbhttps:\/\/www.capillaroscopie.com\/wp-content\/uploads\/2024\/04\/Capil.jpg\u00a0\u00bb alt=\u00a0\u00bbImage Capillaroscopie\u00a0\u00bb title_text=\u00a0\u00bbImage Capillaroscopie\u00a0\u00bb align=\u00a0\u00bbcenter\u00a0\u00bb _builder_version=\u00a0\u00bb4.24.3&Prime; _module_preset=\u00a0\u00bbdefault\u00a0\u00bb global_colors_info=\u00a0\u00bb{}\u00a0\u00bb][\/et_pb_image][\/et_pb_column][\/et_pb_section][et_pb_section fb_built=\u00a0\u00bb1&Prime; admin_label=\u00a0\u00bbServices\u00a0\u00bb _builder_version=\u00a0\u00bb4.19.3&Prime; _module_preset=\u00a0\u00bbdefault\u00a0\u00bb collapsed=\u00a0\u00bbon\u00a0\u00bb global_colors_info=\u00a0\u00bb{}\u00a0\u00bb][et_pb_row column_structure=\u00a0\u00bb3_5,2_5&Prime; _builder_version=\u00a0\u00bb4.24.3&Prime; _module_preset=\u00a0\u00bbdefault\u00a0\u00bb global_colors_info=\u00a0\u00bb{}\u00a0\u00bb][et_pb_column type=\u00a0\u00bb3_5&Prime; _builder_version=\u00a0\u00bb4.19.3&Prime; _module_preset=\u00a0\u00bbdefault\u00a0\u00bb global_colors_info=\u00a0\u00bb{}\u00a0\u00bb][et_pb_image src=\u00a0\u00bbhttps:\/\/www.capillaroscopie.com\/wp-content\/uploads\/2024\/04\/GrosPlan.jpg\u00a0\u00bb alt=\u00a0\u00bbGrosPlan\u00a0\u00bb title_text=\u00a0\u00bbGrosPlan\u00a0\u00bb _builder_version=\u00a0\u00bb4.24.3&Prime; _module_preset=\u00a0\u00bbdefault\u00a0\u00bb global_colors_info=\u00a0\u00bb{}\u00a0\u00bb][\/et_pb_image][\/et_pb_column][et_pb_column type=\u00a0\u00bb2_5&Prime; _builder_version=\u00a0\u00bb4.19.3&Prime; _module_preset=\u00a0\u00bbdefault\u00a0\u00bb custom_padding=\u00a0\u00bb4%||||false|false\u00a0\u00bb custom_padding_tablet=\u00a0\u00bb0px||||false|false\u00a0\u00bb custom_padding_phone=\u00a0\u00bb0px||||false|false\u00a0\u00bb custom_padding_last_edited=\u00a0\u00bbon|tablet\u00a0\u00bb global_colors_info=\u00a0\u00bb{}\u00a0\u00bb][et_pb_text _builder_version=\u00a0\u00bb4.24.3&Prime; _module_preset=\u00a0\u00bb856aa3df-679f-4072-a739-5d6aab086917&Prime; custom_margin=\u00a0\u00bb||10px||false|false\u00a0\u00bb global_colors_info=\u00a0\u00bb{}\u00a0\u00bb]<\/p>\n<h1>Notre Capillaroscope<\/h1>\n<p>[\/et_pb_text][et_pb_blurb title=\u00a0\u00bbCapXview HD\u00a0\u00bb use_icon=\u00a0\u00bbon\u00a0\u00bb font_icon=\u00a0\u00bb&#xf610;||fa||900&Prime; _builder_version=\u00a0\u00bb4.27.2&Prime; _module_preset=\u00a0\u00bb2e7d904d-e5c2-48c7-9b46-08e823561287&Prime; background_color=\u00a0\u00bb#FFFFFF\u00a0\u00bb custom_margin=\u00a0\u00bb||0px|-50%|false|false\u00a0\u00bb custom_margin_tablet=\u00a0\u00bb||30px|0%|false|false\u00a0\u00bb custom_margin_phone=\u00a0\u00bb|||0%|false|false\u00a0\u00bb custom_margin_last_edited=\u00a0\u00bbon|tablet\u00a0\u00bb custom_padding=\u00a0\u00bb40px|40px|40px|40px|true|true\u00a0\u00bb custom_padding_tablet=\u00a0\u00bb0px|0px|0px|0px|true|true\u00a0\u00bb custom_padding_phone=\u00a0\u00bb0px|0px|0px|0px|true|true\u00a0\u00bb custom_padding_last_edited=\u00a0\u00bbon|tablet\u00a0\u00bb hover_enabled=\u00a0\u00bb0&Prime; locked=\u00a0\u00bboff\u00a0\u00bb global_colors_info=\u00a0\u00bb{%22gcid-1b9885b1-d5db-4c39-ab49-d8f90e824600%22:%91%22quote_border_color%22,%22icon_color%22%93,%22gcid-555099d8-0bfe-48de-9d1d-02daa12bfc00%22:%91%22header_text_color%22%93}\u00a0\u00bb sticky_enabled=\u00a0\u00bb0&Prime;]<\/p>\n<p>Le Cap-Xview HD est un vid\u00e9o capillaroscope d\u00e9di\u00e9 \u00e0 l&rsquo;exploration des vaisseaux capillaires des zones periungu\u00e9ales, des mains ou des pieds.<\/p>\n<p>L&rsquo;utilisation du Vid\u00e9o Capillaroscope Cap-Xview HD pr\u00e9sente plusieurs avantages.<\/p>\n<p>En comparaison d&rsquo;une loupe binoculaire ou autre technique exclusivement optique le Cap-Xview HD fourni une image au format num\u00e9rique sur un \u00e9cran d&rsquo;ordinateur. L&rsquo;image des vaisseaux capillaires peut \u00eatre observ\u00e9e par le patient en cours d&rsquo;examen ou autre observateur facilitant ainsi l&rsquo;enseignement de cet examen.<\/p>\n<p>Un rep\u00e8re de longueur pouvant \u00eatre activ\u00e9 et incrust\u00e9 dans l&rsquo;image par l&rsquo;op\u00e9rateur procure une aide dans l&rsquo;analyse de cette image.<\/p>\n<p>[\/et_pb_blurb][et_pb_blurb title=\u00a0\u00bbHaute D\u00e9finition\u00a0\u00bb use_icon=\u00a0\u00bbon\u00a0\u00bb font_icon=\u00a0\u00bb&#xf3a5;||fa||900&Prime; _builder_version=\u00a0\u00bb4.27.2&Prime; _module_preset=\u00a0\u00bb2e7d904d-e5c2-48c7-9b46-08e823561287&Prime; background_color=\u00a0\u00bb#FFFFFF\u00a0\u00bb custom_margin=\u00a0\u00bb||0px|-50%|false|false\u00a0\u00bb custom_margin_tablet=\u00a0\u00bb||30px|0%|false|false\u00a0\u00bb custom_margin_phone=\u00a0\u00bb|||0%|false|false\u00a0\u00bb custom_margin_last_edited=\u00a0\u00bbon|tablet\u00a0\u00bb custom_padding=\u00a0\u00bb40px|40px|40px|40px|true|true\u00a0\u00bb custom_padding_tablet=\u00a0\u00bb0px|0px|0px|0px|true|true\u00a0\u00bb custom_padding_phone=\u00a0\u00bb0px|0px|0px|0px|true|true\u00a0\u00bb custom_padding_last_edited=\u00a0\u00bbon|tablet\u00a0\u00bb hover_enabled=\u00a0\u00bb0&Prime; locked=\u00a0\u00bboff\u00a0\u00bb global_colors_info=\u00a0\u00bb{%22gcid-1b9885b1-d5db-4c39-ab49-d8f90e824600%22:%91%22quote_border_color%22,%22icon_color%22,%22quote_border_color%22,%22icon_color%22%93,%22gcid-555099d8-0bfe-48de-9d1d-02daa12bfc00%22:%91%22header_text_color%22,%22header_text_color%22%93}\u00a0\u00bb sticky_enabled=\u00a0\u00bb0&Prime;]<\/p>\n<p>A l&rsquo;instar de tous fichiers d&rsquo;images celles enregistr\u00e9es avec le Cap-Xview HD sont exploitables par tout logiciel de gestion ou de retouche d&rsquo;image.<\/p>\n<p>La Cap-Xview HD poss\u00e8de une cam\u00e9ra haute d\u00e9finition produisant une image de 1280 x 1024 pixels. Son capteur CCD de taille \u00bd pouce g\u00e9n\u00e8re une image de grande qualit\u00e9.<\/p>\n<p>[\/et_pb_blurb][\/et_pb_column][\/et_pb_row][\/et_pb_section][et_pb_section fb_built=\u00a0\u00bb1&Prime; admin_label=\u00a0\u00bbServices\u00a0\u00bb _builder_version=\u00a0\u00bb4.19.3&Prime; _module_preset=\u00a0\u00bbdefault\u00a0\u00bb collapsed=\u00a0\u00bbon\u00a0\u00bb global_colors_info=\u00a0\u00bb{}\u00a0\u00bb][et_pb_row column_structure=\u00a0\u00bb3_5,2_5&Prime; _builder_version=\u00a0\u00bb4.24.3&Prime; _module_preset=\u00a0\u00bbdefault\u00a0\u00bb global_colors_info=\u00a0\u00bb{}\u00a0\u00bb][et_pb_column type=\u00a0\u00bb3_5&Prime; _builder_version=\u00a0\u00bb4.19.3&Prime; _module_preset=\u00a0\u00bbdefault\u00a0\u00bb global_colors_info=\u00a0\u00bb{}\u00a0\u00bb][et_pb_image src=\u00a0\u00bbhttps:\/\/www.capillaroscopie.com\/wp-content\/uploads\/2024\/04\/Appli.jpg\u00a0\u00bb alt=\u00a0\u00bbAppli\u00a0\u00bb title_text=\u00a0\u00bbAppli\u00a0\u00bb _builder_version=\u00a0\u00bb4.24.3&Prime; _module_preset=\u00a0\u00bbdefault\u00a0\u00bb global_colors_info=\u00a0\u00bb{}\u00a0\u00bb][\/et_pb_image][\/et_pb_column][et_pb_column type=\u00a0\u00bb2_5&Prime; _builder_version=\u00a0\u00bb4.19.3&Prime; _module_preset=\u00a0\u00bbdefault\u00a0\u00bb custom_padding=\u00a0\u00bb4%||||false|false\u00a0\u00bb custom_padding_tablet=\u00a0\u00bb0px||||false|false\u00a0\u00bb custom_padding_phone=\u00a0\u00bb0px||||false|false\u00a0\u00bb custom_padding_last_edited=\u00a0\u00bbon|tablet\u00a0\u00bb global_colors_info=\u00a0\u00bb{}\u00a0\u00bb][et_pb_text _builder_version=\u00a0\u00bb4.24.3&Prime; _module_preset=\u00a0\u00bb856aa3df-679f-4072-a739-5d6aab086917&Prime; custom_margin=\u00a0\u00bb||10px||false|false\u00a0\u00bb global_colors_info=\u00a0\u00bb{}\u00a0\u00bb]<\/p>\n<h1>Notre Capillaroscope<\/h1>\n<p>[\/et_pb_text][et_pb_blurb title=\u00a0\u00bbFonctionnalit\u00e9s\u00a0\u00bb use_icon=\u00a0\u00bbon\u00a0\u00bb font_icon=\u00a0\u00bb&#xf15b;||fa||900&Prime; _builder_version=\u00a0\u00bb4.27.2&Prime; _module_preset=\u00a0\u00bb2e7d904d-e5c2-48c7-9b46-08e823561287&Prime; background_color=\u00a0\u00bb#FFFFFF\u00a0\u00bb custom_margin=\u00a0\u00bb|||-50%|false|false\u00a0\u00bb custom_margin_tablet=\u00a0\u00bb||30px|0%|false|false\u00a0\u00bb custom_margin_phone=\u00a0\u00bb|||0%|false|false\u00a0\u00bb custom_margin_last_edited=\u00a0\u00bbon|tablet\u00a0\u00bb custom_padding=\u00a0\u00bb40px|40px|40px|40px|true|true\u00a0\u00bb custom_padding_tablet=\u00a0\u00bb0px|0px|0px|0px|true|true\u00a0\u00bb custom_padding_phone=\u00a0\u00bb0px|0px|0px|0px|true|true\u00a0\u00bb custom_padding_last_edited=\u00a0\u00bbon|tablet\u00a0\u00bb hover_enabled=\u00a0\u00bb0&Prime; locked=\u00a0\u00bboff\u00a0\u00bb global_colors_info=\u00a0\u00bb{%22gcid-1b9885b1-d5db-4c39-ab49-d8f90e824600%22:%91%22quote_border_color%22,%22icon_color%22,%22quote_border_color%22,%22icon_color%22%93,%22gcid-555099d8-0bfe-48de-9d1d-02daa12bfc00%22:%91%22header_text_color%22,%22header_text_color%22%93}\u00a0\u00bb sticky_enabled=\u00a0\u00bb0&Prime;]<\/p>\n<p>Le Cap-Xview HD gr\u00e2ce \u00e0 son logiciel fonctionne sur tout type de PC \u00e9quip\u00e9 de Windows XP\u00a0 ou sup\u00e9rieur.<\/p>\n<p>La mise en \u0153uvre du Cap-Xview est tr\u00e8s simple. Le statif \u00e9quip\u00e9 d&rsquo;une molette de mise au point permet un r\u00e9glage pr\u00e9cis. Un double col de cygne termin\u00e9 par deux diodes LED de puissance fournit une lumi\u00e8re blanche avec une temp\u00e9rature de couleur de 5500 K.<\/p>\n<p>L&rsquo;objectif standard grossissant environ 100x alli\u00e9 \u00e0 la d\u00e9finition du capteur CCD permet de balayer un champ de vision de plus de 3 mm.<\/p>\n<p>L&rsquo;acquisition des images peut se faire manuellement image par image ou en mode rafale, ce mode permet d&rsquo;acqu\u00e9rir des images rapidement et facilement, \u00e0 la suite les unes des autres, par simple appui sur la barre d&rsquo;espace<\/p>\n<p>Le vid\u00e9o capillaroscope Cap-Xview HD se connecte sur un port USB de l&rsquo;ordinateur.<\/p>\n<p>Grace \u00e0 sa compacit\u00e9 le Cap-Xview HD peut \u00eatre ais\u00e9ment d\u00e9plac\u00e9 et connect\u00e9 sur diff\u00e9rents ordinateurs pr\u00e9alablement \u00e9quip\u00e9s de son logiciel..<\/p>\n<p>[\/et_pb_blurb][\/et_pb_column][\/et_pb_row][\/et_pb_section]<\/p>\n","protected":false},"excerpt":{"rendered":"<p>CapillaroscopieN&rsquo;h\u00e9sitez pas \u00e0 nous faire part de vos projets en capillaroscopieCap-Xview HDUtilis\u00e9e g\u00e9n\u00e9ralement par un m\u00e9decin sp\u00e9cialiste vasculaire la capillaroscopie est une technique d&rsquo;investigation des vaisseaux capillaires sous-cutan\u00e9s situ\u00e9s principalement sur la zone periungu\u00e9ale des doigts de la main ou du pied.. Sur certaines anomalies fonctionnelles ou morphologiques, visibles sur les anses capillaires, elle permet de diagnostiquer des troubles de la microcirculation, par exemple un ph\u00e9nom\u00e8ne de Raynaud une vascularite ou une scl\u00e9rodermie. Le capillaroscope est un outil indispensable dans un service de m\u00e9decine vasculaire ou un laboratoire d&rsquo;investigation de la microcirculation.Le capillaroscope est le compl\u00e9ment naturel des moniteurs de\u00a0microcirculation\u00a0comme le\u00a0Laser Doppler\u00a0par exemple. Le Cap-Xview HD par sa qualit\u00e9 et sa facilit\u00e9 d&rsquo;utilisation saura r\u00e9pondre aux besoins d&rsquo;images de capillaroscopie de qualit\u00e9\u00a0Xport TechnologiesXport Technologies est une soci\u00e9t\u00e9 proche partenaire de\u00a0Perimed France\u00a0et\u00a0Perimed AB\u00a0,leader mondial des technologies Laser Doppler pour l&rsquo;investigation et l&rsquo;imagerie microvasculaire. Vous trouverez aupr\u00e8s d&rsquo;Xport Technologies des produits compl\u00e9mentaires aux moniteurs de microcirculation Perimed, comme le CapXview HD. Vous serez\u00a0 assur\u00e9 de la m\u00eame qualit\u00e9 d&rsquo;\u00e9coute, de conseil et de service.Notre CapillaroscopeLe Cap-Xview HD est un vid\u00e9o capillaroscope d\u00e9di\u00e9 \u00e0 l&rsquo;exploration des vaisseaux capillaires des zones periungu\u00e9ales, des mains ou des pieds. L&rsquo;utilisation du Vid\u00e9o Capillaroscope Cap-Xview HD pr\u00e9sente [&hellip;]<\/p>\n","protected":false},"author":1,"featured_media":0,"parent":0,"menu_order":0,"comment_status":"closed","ping_status":"closed","template":"","meta":{"_et_pb_use_builder":"on","_et_pb_old_content":"","_et_gb_content_width":"","footnotes":""},"class_list":["post-31","page","type-page","status-publish","hentry"],"_links":{"self":[{"href":"https:\/\/www.capillaroscopie.com\/index.php\/wp-json\/wp\/v2\/pages\/31","targetHints":{"allow":["GET"]}}],"collection":[{"href":"https:\/\/www.capillaroscopie.com\/index.php\/wp-json\/wp\/v2\/pages"}],"about":[{"href":"https:\/\/www.capillaroscopie.com\/index.php\/wp-json\/wp\/v2\/types\/page"}],"author":[{"embeddable":true,"href":"https:\/\/www.capillaroscopie.com\/index.php\/wp-json\/wp\/v2\/users\/1"}],"replies":[{"embeddable":true,"href":"https:\/\/www.capillaroscopie.com\/index.php\/wp-json\/wp\/v2\/comments?post=31"}],"version-history":[{"count":9,"href":"https:\/\/www.capillaroscopie.com\/index.php\/wp-json\/wp\/v2\/pages\/31\/revisions"}],"predecessor-version":[{"id":114,"href":"https:\/\/www.capillaroscopie.com\/index.php\/wp-json\/wp\/v2\/pages\/31\/revisions\/114"}],"wp:attachment":[{"href":"https:\/\/www.capillaroscopie.com\/index.php\/wp-json\/wp\/v2\/media?parent=31"}],"curies":[{"name":"wp","href":"https:\/\/api.w.org\/{rel}","templated":true}]}}